{"id":42111,"date":"2025-02-28T23:10:53","date_gmt":"2025-02-28T20:10:53","guid":{"rendered":"https:\/\/usmotorworks.acuweb.dev\/?post_type=product&#038;p=42111"},"modified":"2026-04-24T11:06:51","modified_gmt":"2026-04-24T08:06:51","slug":"67926-67938-67942-914","status":"publish","type":"product","link":"https:\/\/www.usmotorworks.com\/mx\/producto\/67926-67938-67942-914\/","title":{"rendered":"Paquete de energ\u00eda dual sin escobillas: ventilador RAD de 12\" con cubierta de aluminio y controlador PWM integrado"},"content":{"rendered":"<p>\u00a1Obtenga un control \u00f3ptimo de la temperatura de enfriamiento de su motor!<\/p>\n<p>Los Powerpacks sin escobillas Derale proporcionan el mejor rendimiento cuando se trata de rendimiento de refrigeraci\u00f3n para su motor. Los NUEVOS ventiladores sin escobillas de alto rendimiento de Derale con controlador de ventilador integrado, combinados con sus cubiertas de alto rendimiento, son una combinaci\u00f3n que simplemente no puede ser superada. Estas unidades Derale Powerpack cuentan con una cubierta de aluminio completamente soldada que mide solo 2 13\/16\u2033 de profundidad y, combinada con el ventilador el\u00e9ctrico instalado, el grosor total es de solo 3 1\/2\u2033. La cubierta de aluminio natural, sin acabado, le da al usuario la libertad de pulirla, anodizarla, pintarla o simplemente dejarla cruda para crear una apariencia verdaderamente personalizada. Los ventiladores el\u00e9ctricos duales sin escobillas de 12\" son algunos de los ventiladores m\u00e1s probados y confiables de nuestra l\u00ednea y est\u00e1n dise\u00f1ados espec\u00edficamente para prosperar en n\u00facleos de radiador de aletas gruesas y ajustadas. Ofreciendo un total de 4400 CFM, este conjunto de ventilador el\u00e9ctrico dual genera el flujo de aire m\u00e1s real en el paquete m\u00e1s peque\u00f1o del mercado. No olvide que tambi\u00e9n tienen el controlador de ventilador PWM incorporado con tecnolog\u00eda de arranque suave. El controlador utiliza modulaci\u00f3n de ancho de pulso para ajustar constantemente las velocidades del ventilador el\u00e9ctrico de 0 al 100% para mantener una temperatura de 185 \u00b0F, 195 \u00b0F o 215 \u00b0F. Esto permite que los ventiladores el\u00e9ctricos funcionen al porcentaje necesario, en lugar del 100% todo el tiempo. Esto da como resultado una mayor longevidad, aumentando la vida \u00fatil de los componentes y eliminando los picos de amperaje.<\/p>\n<p>-185 PN: El sensor PWM mantiene la temperatura a 185 \u00b0F<br \/>\n-195 PN: El sensor PWM mantiene la temperatura a 195 \u00b0F<br \/>\n-215 PN: El sensor PWM mantiene la temperatura a 215 \u00b0F<\/p>\n<table style=\"border: 1px solid white; width: 714px;\">\n<tbody>\n<tr style=\"height: 10px;\">\n<td style=\"border: 1px solid white; width: 220px; height: 10px; text-align: center;\"><strong>185\u00b0F PWM<\/strong><br \/>\n<strong>Sensor<\/strong><\/td>\n<td style=\"border: 1px solid white; width: 273px; height: 10px; text-align: center;\"><strong>195\u00b0F PWM<br \/>\nSensor<\/strong><\/td>\n<td style=\"border: 1px solid white; width: 260px; height: 10px; text-align: center;\"><strong>215\u00b0F PWM<br \/>\nSensor<\/strong><\/td>\n<td style=\"border: 1px solid white; width: 92px; height: 10px; text-align: center;\"><strong><br \/>\nWidth<\/strong><\/td>\n<td style=\"border: 1px solid white; width: 230px; height: 10px; text-align: center;\"><strong><br \/>\nHeight<\/strong><\/td>\n<td style=\"border: 1px solid white; width: 33.2px; text-align: center; height: 10px;\"><strong>Overall<br \/>\nDepth<\/strong><\/td>\n<td style=\"border: 1px solid white; width: 384.8px; text-align: center; height: 10px;\"><strong><br \/>\nDepth<\/strong><\/td>\n<\/tr>\n<tr style=\"height: 10px;\">\n<td style=\"border: 1px solid white; width: 220px; height: 10px; text-align: center;\">67926-185<\/td>\n<td style=\"border: 1px solid white; width: 273px; height: 10px; text-align: center;\">67926-195<\/td>\n<td style=\"border: 1px solid white; width: 260px; height: 10px; text-align: center;\">67926-215<\/td>\n<td style=\"border: 1px solid white; width: 92px; height: 10px; text-align: center;\">26&#8243;<\/td>\n<td style=\"border: 1px solid white; width: 230px; height: 10px; text-align: center;\">17 1\/8&#8243;<\/td>\n<td style=\"border: 1px solid white; width: 33.2px; height: 10px; text-align: center;\">3 1\/2&#8243;<\/td>\n<td style=\"border: 1px solid white; width: 384.8px; height: 10px; text-align: center;\">2 13\/16&#8243;<\/td>\n<\/tr>\n<tr style=\"height: 10px;\">\n<td style=\"border: 1px solid white; width: 220px; height: 10px; text-align: center;\">67938-185<\/td>\n<td style=\"border: 1px solid white; width: 273px; height: 10px; text-align: center;\">67938-195<\/td>\n<td style=\"border: 1px solid white; width: 260px; height: 10px; text-align: center;\">67938-215<\/td>\n<td style=\"border: 1px solid white; width: 92px; height: 10px; text-align: center;\">28 1\/8&#8243;<\/td>\n<td style=\"border: 1px solid white; width: 230px; height: 10px; text-align: center;\">17&#8243;<\/td>\n<td style=\"border: 1px solid white; width: 33.2px; height: 10px; text-align: center;\">3 1\/2&#8243;<\/td>\n<td style=\"border: 1px solid white; width: 384.8px; height: 10px; text-align: center;\">2 13\/16&#8243;<\/td>\n<\/tr>\n<tr style=\"height: 10px;\">\n<td style=\"border: 1px solid white; width: 220px; height: 10px; text-align: center;\">67942-185<\/td>\n<td style=\"border: 1px solid white; width: 273px; height: 10px; text-align: center;\">67942-195<\/td>\n<td style=\"border: 1px solid white; width: 260px; height: 10px; text-align: center;\">67942-215<\/td>\n<td style=\"border: 1px solid white; width: 92px; height: 10px; text-align: center;\">26&#8243;<\/td>\n<td style=\"border: 1px solid white; width: 230px; height: 10px; text-align: center;\">18&#8243;<\/td>\n<td style=\"border: 1px solid white; width: 33.2px; height: 10px; text-align: center;\">3 1\/2&#8243;<\/td>\n<td style=\"border: 1px solid white; width: 384.8px; height: 10px; text-align: center;\">2 13\/16&#8243;<\/td>\n<\/tr>\n<\/tbody>\n<\/table>\n<p>Dibujos de dimensiones de referencia para dimensiones de montaje<\/p>\n<p><span style=\"font-size: 12pt;\"><a href=\"https:\/\/www.usmotorworks.com\/wp-content\/uploads\/2025\/11\/67944.pdf\" target=\"_blank\" rel=\"noopener\"><img loading=\"lazy\" decoding=\"async\" class=\"alignnone wp-image-38687 size-full\" src=\"https:\/\/www.usmotorworks.com\/wp-content\/uploads\/2025\/01\/downloaddatabutton.png\" alt=\"\" width=\"230\" height=\"59\" \/><\/a><\/span><\/p>\n<p class=\"uk-h3\">Presupuesto<\/p>\n<ul>\n<li>Ventilador CFM 1\/2: 2200\/2200<\/li>\n<li>Consumo de amperios del ventilador 1\/2: 28\/28<\/li>\n<li>Profundidad de la cubierta: 2 13\/16\u2033<\/li>\n<li>Profundidad total 3 1\/2\u2033<\/li>\n<li>Montaje: Ajustable<\/li>\n<\/ul>\n<p class=\"uk-h3\">Caracter\u00edsticas<\/p>\n<ul>\n<li>Dise\u00f1ado para refrigeraci\u00f3n primaria<\/li>\n<li>La construcci\u00f3n de la cubierta de aluminio crudo se puede pulir, pintar o anodizar.<\/li>\n<li>Motores sin escobillas de alto rendimiento<\/li>\n<li>4400 CFM<\/li>\n<li>Dise\u00f1o de cuchilla inclinada ultrasilencioso<\/li>\n<li>M\u00faltiples opciones de montaje<\/li>\n<li>Solo para aplicaciones de extractor (lado del motor)<\/li>\n<li>Ventilaciones de alivio de presi\u00f3n de aire<\/li>\n<li>El kit incluye soportes de montaje ajustables, hardware de montaje completo y arneses de cableado.<\/li>\n<li>Los ventiladores tienen certificaci\u00f3n IP6K9K<\/li>\n<\/ul>\n<p>Controlador PWM incorporado<\/p>\n<ul>\n<li>El controlador PWM ofrece numerosos beneficios<\/li>\n<li>Pulse Width Modulation controls fan(s) speed from 0-100%<\/li>\n<li>Ajusta constantemente la velocidad del ventilador(es) para mantener 185 \u00b0F, 195 \u00b0F o 215 \u00b0F<\/li>\n<li>Controlador digital de estado s\u00f3lido<\/li>\n<li>Incluye disyuntor de reinicio autom\u00e1tico y circuito de anulaci\u00f3n de A\/C integrado.<\/li>\n<\/ul>\n<p><iframe loading=\"lazy\" src=\"\/\/www.youtube.com\/embed\/58cL2XX60WM\" width=\"560\" height=\"314\" allowfullscreen=\"allowfullscreen\"><\/iframe><\/p>","protected":false},"excerpt":{"rendered":"<p><!--Brushless Dual Powerpack - 12'' RAD Fan\/Aluminum Shroud w\/ Built-in PWM Controller - 67926-185, 67926-195, 67926-215, 67938-185, 67938-195, 67938-215, 67942-185, 67942-195, 67942-215--><\/p>","protected":false},"featured_media":42112,"comment_status":"open","ping_status":"closed","template":"","meta":{"_acf_changed":false,"om_disable_all_campaigns":false,"_monsterinsights_skip_tracking":false,"_monsterinsights_sitenote_active":false,"_monsterinsights_sitenote_note":"","_monsterinsights_sitenote_category":0},"product_brand":[],"product_cat":[697],"product_tag":[],"class_list":{"0":"post-42111","1":"product","2":"type-product","3":"status-publish","4":"has-post-thumbnail","6":"product_cat-brushless-powerpacks-with-pwm-control","8":"first","9":"instock","10":"taxable","11":"shipping-taxable","12":"product-type-simple"},"acf":[],"aioseo_notices":[],"_links":{"self":[{"href":"https:\/\/www.usmotorworks.com\/mx\/wp-json\/wp\/v2\/product\/42111","targetHints":{"allow":["GET"]}}],"collection":[{"href":"https:\/\/www.usmotorworks.com\/mx\/wp-json\/wp\/v2\/product"}],"about":[{"href":"https:\/\/www.usmotorworks.com\/mx\/wp-json\/wp\/v2\/types\/product"}],"replies":[{"embeddable":true,"href":"https:\/\/www.usmotorworks.com\/mx\/wp-json\/wp\/v2\/comments?post=42111"}],"wp:featuredmedia":[{"embeddable":true,"href":"https:\/\/www.usmotorworks.com\/mx\/wp-json\/wp\/v2\/media\/42112"}],"wp:attachment":[{"href":"https:\/\/www.usmotorworks.com\/mx\/wp-json\/wp\/v2\/media?parent=42111"}],"wp:term":[{"taxonomy":"product_brand","embeddable":true,"href":"https:\/\/www.usmotorworks.com\/mx\/wp-json\/wp\/v2\/product_brand?post=42111"},{"taxonomy":"product_cat","embeddable":true,"href":"https:\/\/www.usmotorworks.com\/mx\/wp-json\/wp\/v2\/product_cat?post=42111"},{"taxonomy":"product_tag","embeddable":true,"href":"https:\/\/www.usmotorworks.com\/mx\/wp-json\/wp\/v2\/product_tag?post=42111"}],"curies":[{"name":"wp","href":"https:\/\/api.w.org\/{rel}","templated":true}]}}