{"id":42096,"date":"2025-02-28T23:10:36","date_gmt":"2025-02-28T20:10:36","guid":{"rendered":"https:\/\/usmotorworks.acuweb.dev\/?post_type=product&#038;p=42096"},"modified":"2025-12-19T20:49:25","modified_gmt":"2025-12-19T17:49:25","slug":"67922-67923","status":"publish","type":"product","link":"https:\/\/www.usmotorworks.com\/mx\/producto\/67922-67923\/","title":{"rendered":"Paquete de energ\u00eda individual sin escobillas: ventilador RAD de 17\" con cubierta de aluminio y controlador PWM integrado"},"content":{"rendered":"<p>\u00a1Obtenga control total de la temperatura de su motor! Derale Performance ha combinado sus Powerpacks cubiertos de alto rendimiento con el mejor controlador de ventilador. Usando un ventilador el\u00e9ctrico sin escobillas incorporado en una cubierta dise\u00f1ada, este Powerpack puede conquistar incluso las condiciones de enfriamiento m\u00e1s dif\u00edciles. Estas unidades cuentan con una cubierta de aluminio que mide solo 2 13\/16\u2033 de profundidad y con el ventilador el\u00e9ctrico el grosor total es de solo 3 1\/2\u2033. Este ventilador el\u00e9ctrico sin escobillas de 17\u2033 es uno de los mejores en nuestra l\u00ednea, ofreciendo hasta 2800 CFM y est\u00e1 dise\u00f1ado espec\u00edficamente para prosperar en n\u00facleos de radiador de aletas gruesas y ajustadas. Ahora agregue el controlador de ventilador PWM con tecnolog\u00eda de arranque suave incorporada. El controlador utiliza modulaci\u00f3n de ancho de pulso para ajustar constantemente las velocidades del ventilador el\u00e9ctrico de 0 a 100%, para mantener una temperatura de 185 \u00b0F, 195 \u00b0F o 215 \u00b0F. \u00a1No m\u00e1s reacciones a las temperaturas del motor, puedes controlarlo! Esto permite que el ventilador el\u00e9ctrico sin escobillas de 17\u201d funcione al porcentaje necesario, en lugar del 100% todo el tiempo, lo que aumenta la vida \u00fatil del componente y elimina los picos de amperaje.<\/p>\n<p>-185 PN: El sensor PWM mantiene la temperatura a 185 \u00b0F<br \/>\n-195 PN: El sensor PWM mantiene la temperatura a 195 \u00b0F<br \/>\n-215 PN: El sensor PWM mantiene la temperatura a 215 \u00b0F<\/p>\n<table style=\"border: 1px solid white; width: 714px;\">\n<tbody>\n<tr style=\"height: 10px;\">\n<td style=\"border: 1px solid white; width: 220px; height: 10px; text-align: center;\"><strong>185\u00b0F PWM<\/strong><br \/>\n<strong>Sensor<\/strong><\/td>\n<td style=\"border: 1px solid white; width: 273px; height: 10px; text-align: center;\"><strong>195\u00b0F PWM<br \/>\nSensor<\/strong><\/td>\n<td style=\"border: 1px solid white; width: 260px; height: 10px; text-align: center;\"><strong>215\u00b0F PWM<br \/>\nSensor<\/strong><\/td>\n<td style=\"border: 1px solid white; width: 92px; height: 10px; text-align: center;\"><strong><br \/>\nWidth<\/strong><\/td>\n<td style=\"border: 1px solid white; width: 230px; height: 10px; text-align: center;\"><strong><br \/>\nHeight<\/strong><\/td>\n<td style=\"border: 1px solid white; width: 34.2px; text-align: center; height: 10px;\"><strong>Overall<br \/>\nDepth<\/strong><\/td>\n<td style=\"border: 1px solid white; width: 383.8px; text-align: center; height: 10px;\"><strong><br \/>\nDepth<\/strong><\/td>\n<\/tr>\n<tr style=\"height: 10px;\">\n<td style=\"border: 1px solid white; width: 220px; height: 10px; text-align: center;\">67922-185<\/td>\n<td style=\"border: 1px solid white; width: 273px; height: 10px; text-align: center;\">67922-195<\/td>\n<td style=\"border: 1px solid white; width: 260px; height: 10px; text-align: center;\">67922-215<\/td>\n<td style=\"border: 1px solid white; width: 92px; height: 10px; text-align: center;\">22 1\/4&#8243;<\/td>\n<td style=\"border: 1px solid white; width: 230px; height: 10px; text-align: center;\">17 5\/8&#8243;<\/td>\n<td style=\"border: 1px solid white; width: 34.2px; height: 10px; text-align: center;\">3 1\/2&#8243;<\/td>\n<td style=\"border: 1px solid white; width: 383.8px; height: 10px; text-align: center;\">2 13\/16&#8243;<\/td>\n<\/tr>\n<tr style=\"height: 10px;\">\n<td style=\"border: 1px solid white; width: 220px; height: 10px; text-align: center;\">67923-185<\/td>\n<td style=\"border: 1px solid white; width: 273px; height: 10px; text-align: center;\">67923-195<\/td>\n<td style=\"border: 1px solid white; width: 260px; height: 10px; text-align: center;\">67923-215<\/td>\n<td style=\"border: 1px solid white; width: 92px; height: 10px; text-align: center;\">21&#8243;<\/td>\n<td style=\"border: 1px solid white; width: 230px; height: 10px; text-align: center;\">17 1\/8&#8243;<\/td>\n<td style=\"border: 1px solid white; width: 34.2px; height: 10px; text-align: center;\">3 1\/2&#8243;<\/td>\n<td style=\"border: 1px solid white; width: 383.8px; height: 10px; text-align: center;\">2 13\/16&#8243;<\/td>\n<\/tr>\n<\/tbody>\n<\/table>\n<p>Dibujos de dimensiones de referencia para dimensiones de montaje<\/p>\n<p><span style=\"font-size: 12pt;\">Hoja de instrucciones PDF:\u00a0\u00a0<a href=\"\/mx\/images\/stories\/virtuemart\/producto\/pdfs\/67922-67923.pdf\/\" target=\"_blank\" rel=\"noopener noreferrer\">Haga clic aqu\u00ed<\/a><\/span><\/p>\n<p class=\"uk-h3\">Presupuesto<\/p>\n<ul>\n<li><span style=\"color: #000000;\">CFM: 2800<\/span><\/li>\n<li><span style=\"color: #000000;\">Consumo de amperios: 35<\/span><\/li>\n<li><span style=\"color: #000000;\">Profundidad del sudario:\u00a0<span style=\"text-align: center;\">2 13\/16<\/span>&#8220;<\/span><\/li>\n<li><span style=\"color: #000000;\">Profundidad total\u00a0<span style=\"text-align: center;\">3 1\/2<\/span>&#8220;<\/span><\/li>\n<li><span style=\"color: #000000;\">Montaje: Ajustable<\/span><\/li>\n<\/ul>\n<p class=\"uk-h3\">Caracter\u00edsticas<\/p>\n<ul>\n<li>Dise\u00f1ado para refrigeraci\u00f3n primaria<\/li>\n<li>La construcci\u00f3n de la cubierta de aluminio crudo se puede pulir, pintar o anodizar.<\/li>\n<li>Motor sin escobillas de alto rendimiento<\/li>\n<li>2800 CFM<\/li>\n<li>Dise\u00f1o de cuchilla inclinada ultrasilencioso<\/li>\n<li>M\u00faltiples opciones de montaje<\/li>\n<li>Solo para aplicaciones de extractor (lado del motor)<\/li>\n<li>El kit incluye soportes de montaje ajustables, hardware de montaje completo y arneses de cableado.<\/li>\n<li>Los ventiladores tienen certificaci\u00f3n IP6K9K<\/li>\n<\/ul>\n<p>Controlador PWM incorporado<\/p>\n<ul>\n<li>El controlador PWM ofrece numerosos beneficios<\/li>\n<li>Pulse Width Modulation controls fan(s) speed from 0-100%<\/li>\n<li>Ajusta constantemente la velocidad del ventilador(es) para mantener 185 \u00b0F, 195 \u00b0F o 215 \u00b0F<\/li>\n<li>Controlador digital de estado s\u00f3lido<\/li>\n<li>Incluye disyuntor de reinicio autom\u00e1tico y circuito de anulaci\u00f3n de A\/C integrado.<\/li>\n<\/ul>\n<p><iframe loading=\"lazy\" src=\"\/\/www.youtube.com\/embed\/58cL2XX60WM\" width=\"560\" height=\"314\" allowfullscreen=\"allowfullscreen\"><\/iframe><\/p>\n<p><iframe loading=\"lazy\" src=\"\/\/www.youtube.com\/embed\/pcBgeg-jhLk\" width=\"560\" height=\"314\" allowfullscreen=\"allowfullscreen\"><\/iframe><\/p>\n<p>&nbsp;<\/p>","protected":false},"excerpt":{"rendered":"<p>Paquete de energ\u00eda \u2013 Ventilador RAD individual sin escobillas de 17\" con cubierta de aluminio y controlador PWM integrado \u2013 67922-185, 67922-195, 67922-215, 67923-185, 67923-195, 67923-215<\/p>","protected":false},"featured_media":42097,"comment_status":"open","ping_status":"closed","template":"","meta":{"_acf_changed":false,"om_disable_all_campaigns":false,"_monsterinsights_skip_tracking":false,"_monsterinsights_sitenote_active":false,"_monsterinsights_sitenote_note":"","_monsterinsights_sitenote_category":0},"product_brand":[],"product_cat":[697],"product_tag":[],"class_list":{"0":"post-42096","1":"product","2":"type-product","3":"status-publish","4":"has-post-thumbnail","6":"product_cat-brushless-powerpacks-with-pwm-control","8":"first","9":"instock","10":"taxable","11":"shipping-taxable","12":"product-type-simple"},"acf":[],"aioseo_notices":[],"_links":{"self":[{"href":"https:\/\/www.usmotorworks.com\/mx\/wp-json\/wp\/v2\/product\/42096","targetHints":{"allow":["GET"]}}],"collection":[{"href":"https:\/\/www.usmotorworks.com\/mx\/wp-json\/wp\/v2\/product"}],"about":[{"href":"https:\/\/www.usmotorworks.com\/mx\/wp-json\/wp\/v2\/types\/product"}],"replies":[{"embeddable":true,"href":"https:\/\/www.usmotorworks.com\/mx\/wp-json\/wp\/v2\/comments?post=42096"}],"wp:featuredmedia":[{"embeddable":true,"href":"https:\/\/www.usmotorworks.com\/mx\/wp-json\/wp\/v2\/media\/42097"}],"wp:attachment":[{"href":"https:\/\/www.usmotorworks.com\/mx\/wp-json\/wp\/v2\/media?parent=42096"}],"wp:term":[{"taxonomy":"product_brand","embeddable":true,"href":"https:\/\/www.usmotorworks.com\/mx\/wp-json\/wp\/v2\/product_brand?post=42096"},{"taxonomy":"product_cat","embeddable":true,"href":"https:\/\/www.usmotorworks.com\/mx\/wp-json\/wp\/v2\/product_cat?post=42096"},{"taxonomy":"product_tag","embeddable":true,"href":"https:\/\/www.usmotorworks.com\/mx\/wp-json\/wp\/v2\/product_tag?post=42096"}],"curies":[{"name":"wp","href":"https:\/\/api.w.org\/{rel}","templated":true}]}}