{"id":41715,"date":"2025-02-28T23:05:03","date_gmt":"2025-02-28T20:05:03","guid":{"rendered":"https:\/\/usmotorworks.acuweb.dev\/?post_type=product&#038;p=41715"},"modified":"2025-07-18T17:47:39","modified_gmt":"2025-07-18T14:47:39","slug":"16839","status":"publish","type":"product","link":"https:\/\/www.usmotorworks.com\/mx\/producto\/16839\/","title":{"rendered":"Powerpack \u2013 Kit de ventilador el\u00e9ctrico\/cubierta de aluminio de 9\u201d para Jeep Cherokee Triple 1987-2001, ajuste directo, 31-1\/2\u201d de ancho x 10-1\/4\u201d de alto x 3-1\/4\u201d de profundidad"},"content":{"rendered":"<p>Este conjunto de ventilador RAD Powerpack de triple salida alta es parte de la serie de ventiladores cubiertos de aluminio HO que est\u00e1 dise\u00f1ada con la aplicaci\u00f3n en mente. Se adapta a los radiadores Jeep Cherokee 1987-2001. Esta unidad cuenta con una cubierta de aluminio que mide 31 1\/2\u2033 de ancho por 10 1\/4\u2033 de arriba a abajo y tiene solo 3 1\/4\u2033 de profundidad total para ofrecer un ajuste ajustable pero preciso. La cubierta de aluminio natural, sin acabado, le da al usuario la libertad de pulir, anodizar, pintar o simplemente dejarla cruda para crear una apariencia verdaderamente personalizada a un precio asequible. Los ventiladores el\u00e9ctricos triples de 9\u2033 de alto rendimiento son algunos de los ventiladores m\u00e1s probados y confiables de nuestra l\u00ednea. Ofreciendo un total de 2400 CFM, este conjunto de ventilador el\u00e9ctrico triple genera el flujo de aire m\u00e1s real en el paquete m\u00e1s peque\u00f1o del mercado.<\/p>\n<p class=\"uk-h3\">Presupuesto<\/p>\n<ul>\n<li>Ventilador CFM 1 \/ 2 \/ 3: 625 \/ 625 \/ 625<\/li>\n<li>Consumo de amperios del ventilador 1 \/ 2 \/ 3: 7,2 \/ 7,2 \/ 7,2<\/li>\n<li>Ancho: 31-1\/2\u2033<\/li>\n<li>Altura: 10-1\/4\u2033<\/li>\n<li>Profundidad: 1-1\/8\u2033<\/li>\n<li>Profundidad total 3-1\/4\u2033<\/li>\n<li>Montaje: Ajustable<\/li>\n<\/ul>\n<p class=\"uk-h3\">Caracter\u00edsticas<\/p>\n<ul>\n<li>Compatible con radiadores Jeep Cherokee de 1987 a 2001<\/li>\n<li>Dise\u00f1ado para refrigeraci\u00f3n primaria<\/li>\n<li>La construcci\u00f3n de la cubierta de aluminio crudo con directores de flujo del estator se puede pulir, pintar o anodizar.<\/li>\n<li>3 ventiladores el\u00e9ctricos de 9\u2033 de alto rendimiento, resistentes al agua y al polvo, con certificaci\u00f3n IP68<\/li>\n<li>Total 2400 CFM<\/li>\n<li>Serie Slimline<\/li>\n<li>Dise\u00f1o de cuchilla inclinada patentado y ultra silencioso<\/li>\n<li>M\u00faltiples opciones de montaje<\/li>\n<li>Solo para aplicaciones de extractor (lado del motor)<\/li>\n<li>El kit incluye soportes de montaje ajustables y hardware de montaje completo.<\/li>\n<\/ul>","protected":false},"excerpt":{"rendered":"<p><!--High Output Triple RAD Fan\/Aluminum Shroud Assembly 16839, 16843, 16812, 16850, 16842, 16825, 16826, 16830, 16831, 16833, 16835, 16836, 16837, 16838, 16927--><\/p>\n<p><a class=\"button\" style=\"padding: 10px 20px; background: #0073aa; color: #fff; text-decoration: none; border-radius: 5px;\" href=\"https:\/\/usmotorworks.acuweb.dev\/wp-content\/uploads\/2025\/06\/16839.pdf\" target=\"_blank\" rel=\"noopener\">Instrucciones de descarga<\/a><\/p>","protected":false},"featured_media":41716,"comment_status":"open","ping_status":"closed","template":"","meta":{"_acf_changed":false,"om_disable_all_campaigns":false,"_monsterinsights_skip_tracking":false,"_monsterinsights_sitenote_active":false,"_monsterinsights_sitenote_note":"","_monsterinsights_sitenote_category":0},"product_brand":[],"product_cat":[850,828],"product_tag":[],"class_list":{"0":"post-41715","1":"product","2":"type-product","3":"status-publish","4":"has-post-thumbnail","6":"product_cat-direct-fit-electric-fans","7":"product_cat-shrouded-powerpacks","9":"first","10":"instock","11":"taxable","12":"shipping-taxable","13":"product-type-simple"},"acf":[],"aioseo_notices":[],"_links":{"self":[{"href":"https:\/\/www.usmotorworks.com\/mx\/wp-json\/wp\/v2\/product\/41715","targetHints":{"allow":["GET"]}}],"collection":[{"href":"https:\/\/www.usmotorworks.com\/mx\/wp-json\/wp\/v2\/product"}],"about":[{"href":"https:\/\/www.usmotorworks.com\/mx\/wp-json\/wp\/v2\/types\/product"}],"replies":[{"embeddable":true,"href":"https:\/\/www.usmotorworks.com\/mx\/wp-json\/wp\/v2\/comments?post=41715"}],"wp:featuredmedia":[{"embeddable":true,"href":"https:\/\/www.usmotorworks.com\/mx\/wp-json\/wp\/v2\/media\/41716"}],"wp:attachment":[{"href":"https:\/\/www.usmotorworks.com\/mx\/wp-json\/wp\/v2\/media?parent=41715"}],"wp:term":[{"taxonomy":"product_brand","embeddable":true,"href":"https:\/\/www.usmotorworks.com\/mx\/wp-json\/wp\/v2\/product_brand?post=41715"},{"taxonomy":"product_cat","embeddable":true,"href":"https:\/\/www.usmotorworks.com\/mx\/wp-json\/wp\/v2\/product_cat?post=41715"},{"taxonomy":"product_tag","embeddable":true,"href":"https:\/\/www.usmotorworks.com\/mx\/wp-json\/wp\/v2\/product_tag?post=41715"}],"curies":[{"name":"wp","href":"https:\/\/api.w.org\/{rel}","templated":true}]}}