{"id":41639,"date":"2025-02-28T23:04:11","date_gmt":"2025-02-28T20:04:11","guid":{"rendered":"https:\/\/usmotorworks.acuweb.dev\/?post_type=product&#038;p=41639"},"modified":"2025-06-11T20:26:12","modified_gmt":"2025-06-11T17:26:12","slug":"35030","status":"publish","type":"product","link":"https:\/\/www.usmotorworks.com\/mx\/producto\/35030\/","title":{"rendered":"Interruptor t\u00e9rmico del ventilador en l\u00ednea, 3\/8"},"content":{"rendered":"<p>Con un encendido preestablecido de 88 \u00b0C y un apagado de 80 \u00b0C, este interruptor t\u00e9rmico para ventilador en l\u00ednea activa el ventilador el\u00e9ctrico para que se active solo cuando sea necesario. Capacidad m\u00e1xima de 15 amperios.<\/p>\n<p class='uk-h3'>Presupuesto<\/p>\n<ul>\n<li>Tama\u00f1o de la banda de rodadura: 3\/8\u2033 NPT macho x 3\/8\u2033 NPT hembra<\/li>\n<li>Temperatura de encendido: 190\u00b0 F<\/li>\n<li>Temperatura de apagado: 175\u00b0 F<\/li>\n<li>Capacidad m\u00e1xima de amperaje: 15 amperios<\/li>\n<\/ul>\n<p class='uk-h3'>Caracter\u00edsticas<\/p>\n<ul>\n<li>Temperatura de encendido preestablecida de 190 \u00b0F<\/li>\n<li>La temperatura de apagado est\u00e1 preestablecida a 175 \u00b0F.<\/li>\n<li>Clasificado para un consumo continuo m\u00e1ximo de 15 amperios<\/li>\n<\/ul>","protected":false},"excerpt":{"rendered":"<p><!--In-Line Fan Thermal Switch, 3\/8\" NPT Male X 3\/8\" NPT Female, 35030--><br \/>\n<a href=\"https:\/\/usmotorworks.acuweb.dev\/wp-content\/uploads\/2025\/06\/35030.pdf\" target=\"_blank\" class=\"button\" style=\"padding:10px 20px; background:#0073aa; color:#fff; text-decoration:none; border-radius:5px;\">Instrucciones de descarga<\/a><\/p>","protected":false},"featured_media":41640,"comment_status":"open","ping_status":"closed","template":"","meta":{"_acf_changed":false,"om_disable_all_campaigns":false,"_monsterinsights_skip_tracking":false,"_monsterinsights_sitenote_active":false,"_monsterinsights_sitenote_note":"","_monsterinsights_sitenote_category":0},"product_brand":[],"product_cat":[669],"product_tag":[],"class_list":{"0":"post-41639","1":"product","2":"type-product","3":"status-publish","4":"has-post-thumbnail","6":"product_cat-single-stage","8":"first","9":"instock","10":"taxable","11":"shipping-taxable","12":"product-type-simple"},"acf":[],"aioseo_notices":[],"_links":{"self":[{"href":"https:\/\/www.usmotorworks.com\/mx\/wp-json\/wp\/v2\/product\/41639","targetHints":{"allow":["GET"]}}],"collection":[{"href":"https:\/\/www.usmotorworks.com\/mx\/wp-json\/wp\/v2\/product"}],"about":[{"href":"https:\/\/www.usmotorworks.com\/mx\/wp-json\/wp\/v2\/types\/product"}],"replies":[{"embeddable":true,"href":"https:\/\/www.usmotorworks.com\/mx\/wp-json\/wp\/v2\/comments?post=41639"}],"wp:featuredmedia":[{"embeddable":true,"href":"https:\/\/www.usmotorworks.com\/mx\/wp-json\/wp\/v2\/media\/41640"}],"wp:attachment":[{"href":"https:\/\/www.usmotorworks.com\/mx\/wp-json\/wp\/v2\/media?parent=41639"}],"wp:term":[{"taxonomy":"product_brand","embeddable":true,"href":"https:\/\/www.usmotorworks.com\/mx\/wp-json\/wp\/v2\/product_brand?post=41639"},{"taxonomy":"product_cat","embeddable":true,"href":"https:\/\/www.usmotorworks.com\/mx\/wp-json\/wp\/v2\/product_cat?post=41639"},{"taxonomy":"product_tag","embeddable":true,"href":"https:\/\/www.usmotorworks.com\/mx\/wp-json\/wp\/v2\/product_tag?post=41639"}],"curies":[{"name":"wp","href":"https:\/\/api.w.org\/{rel}","templated":true}]}}