{"id":41243,"date":"2025-02-28T23:00:46","date_gmt":"2025-02-28T20:00:46","guid":{"rendered":"https:\/\/usmotorworks.acuweb.dev\/?post_type=product&#038;p=41243"},"modified":"2025-07-16T19:07:06","modified_gmt":"2025-07-16T16:07:06","slug":"16926","status":"publish","type":"product","link":"https:\/\/www.usmotorworks.com\/mx\/producto\/16926\/","title":{"rendered":"Ventilador extractor RAD de 12\" de alto rendimiento con cubierta de pl\u00e1stico - 15-3\/4\" de ancho x 15-3\/4\" de alto x 3-1\/4\" de profundidad"},"content":{"rendered":"<p>Otro popular ventilador universal con cubierta Single H.O. RAD, este extractor cuenta con una cubierta moldeada por inyecci\u00f3n con ventilaciones de alivio de presi\u00f3n, un motor Tri-pac de 265 vatios con 11 aspas oblicuas silenciosas patentadas, lo que lo hace apto para refrigeraci\u00f3n primaria. El kit incluye 4 varillas de pl\u00e1stico para el n\u00facleo del radiador, sus clips y 4 almohadillas de montaje de espuma.<\/p>\n<p class=\"uk-h3\">Presupuesto<\/p>\n<ul>\n<li>Consumo de amperios: 23,4<\/li>\n<li>Ancho: 15-3\/4\u2033Ancho: 15-3\/4\u2033<\/li>\n<li>Altura: 15-3\/4\u2033<\/li>\n<li>Profundidad: 1-7\/8\u2033<\/li>\n<li>Profundidad total: 3-1\/4\u2033<\/li>\n<li>Montaje: 12-7\/8\u2033 x 12-7\/8\u2033<\/li>\n<\/ul>\n<p class=\"uk-h3\">Caracter\u00edsticas<\/p>\n<ul>\n<li>Dise\u00f1ado para refrigeraci\u00f3n primaria<\/li>\n<li>Cubierta moldeada por inyecci\u00f3n con directores de flujo del estator<\/li>\n<li>Motor de 265 vatios de alto rendimiento<\/li>\n<li>2000 CFM<\/li>\n<li>Dise\u00f1o de cuchilla inclinada patentado y ultra silencioso<\/li>\n<li>Solo para aplicaciones de extractor (lado del motor)<\/li>\n<li>El kit de ventilador incluye un kit de montaje completo<\/li>\n<\/ul>","protected":false},"excerpt":{"rendered":"<p><!--HO RAD Fan with Shroud Puller Only 16926 16925--><br \/>\n<a class=\"button\" style=\"padding: 10px 20px; background: #0073aa; color: #fff; text-decoration: none; border-radius: 5px;\" href=\"https:\/\/usmotorworks.acuweb.dev\/wp-content\/uploads\/2025\/06\/16926.pdf\" target=\"_blank\" rel=\"noopener\">Instrucciones de descarga<\/a><\/p>","protected":false},"featured_media":41244,"comment_status":"open","ping_status":"closed","template":"","meta":{"_acf_changed":false,"om_disable_all_campaigns":false,"_monsterinsights_skip_tracking":false,"_monsterinsights_sitenote_active":false,"_monsterinsights_sitenote_note":"","_monsterinsights_sitenote_category":0},"product_brand":[],"product_cat":[828],"product_tag":[],"class_list":{"0":"post-41243","1":"product","2":"type-product","3":"status-publish","4":"has-post-thumbnail","6":"product_cat-shrouded-powerpacks","8":"first","9":"instock","10":"taxable","11":"shipping-taxable","12":"product-type-simple"},"acf":[],"aioseo_notices":[],"_links":{"self":[{"href":"https:\/\/www.usmotorworks.com\/mx\/wp-json\/wp\/v2\/product\/41243","targetHints":{"allow":["GET"]}}],"collection":[{"href":"https:\/\/www.usmotorworks.com\/mx\/wp-json\/wp\/v2\/product"}],"about":[{"href":"https:\/\/www.usmotorworks.com\/mx\/wp-json\/wp\/v2\/types\/product"}],"replies":[{"embeddable":true,"href":"https:\/\/www.usmotorworks.com\/mx\/wp-json\/wp\/v2\/comments?post=41243"}],"wp:featuredmedia":[{"embeddable":true,"href":"https:\/\/www.usmotorworks.com\/mx\/wp-json\/wp\/v2\/media\/41244"}],"wp:attachment":[{"href":"https:\/\/www.usmotorworks.com\/mx\/wp-json\/wp\/v2\/media?parent=41243"}],"wp:term":[{"taxonomy":"product_brand","embeddable":true,"href":"https:\/\/www.usmotorworks.com\/mx\/wp-json\/wp\/v2\/product_brand?post=41243"},{"taxonomy":"product_cat","embeddable":true,"href":"https:\/\/www.usmotorworks.com\/mx\/wp-json\/wp\/v2\/product_cat?post=41243"},{"taxonomy":"product_tag","embeddable":true,"href":"https:\/\/www.usmotorworks.com\/mx\/wp-json\/wp\/v2\/product_tag?post=41243"}],"curies":[{"name":"wp","href":"https:\/\/api.w.org\/{rel}","templated":true}]}}