{"id":41218,"date":"2025-02-28T23:00:36","date_gmt":"2025-02-28T20:00:36","guid":{"rendered":"https:\/\/usmotorworks.acuweb.dev\/?post_type=product&#038;p=41218"},"modified":"2025-06-25T19:45:51","modified_gmt":"2025-06-25T16:45:51","slug":"1-2-npt-aluminum-weld-bung","status":"publish","type":"product","link":"https:\/\/www.usmotorworks.com\/mx\/producto\/1-2-npt-aluminum-weld-bung\/","title":{"rendered":"10&#8243; Dyno-Cool Straight Blade Electric Fan  &#8211; 11&#8243;W x 11-1\/4&#8243;H x 1-1\/8&#8243;D"},"content":{"rendered":"<p>Nuestro ventilador el\u00e9ctrico de aspas rectas de 10\u2033 mueve 500 CFM a 0 presi\u00f3n est\u00e1tica y consume solo 6.4 amperios. Cada kit incluye: kit de montaje con 4 varillas de pl\u00e1stico para el n\u00facleo del radiador y clips, 4 almohadillas de espuma y 4 pies de montaje.<\/p>\n<p class=\"uk-h3\">Presupuesto<\/p>\n<ul>\n<li>Tama\u00f1o del ventilador: 10\u2033<\/li>\n<li>CFM: 500<\/li>\n<li>Consumo de amperios: 6,4<\/li>\n<li>Ancho: 11\u2033<\/li>\n<li>Altura: 11-1\/4\u2033<\/li>\n<li>Profundidad: 1-1\/8\u2033<\/li>\n<li>Profundidad total: 2-3\/8\u2033<\/li>\n<li>Montaje: 5-3\/4\u2033<\/li>\n<li>Flujo de aire: Extractor (reversible)<\/li>\n<\/ul>\n<p class=\"uk-h3\">Caracter\u00edsticas<\/p>\n<ul>\n<li>Dise\u00f1o de perfil ultrabajo<\/li>\n<li>Aspas de ventilador rectas<\/li>\n<li>500 CFM<\/li>\n<li>Dise\u00f1o reversible: se puede utilizar como empujador o tirador.<\/li>\n<li>Incluye herrajes de montaje de nailon.<\/li>\n<\/ul>","protected":false},"excerpt":{"rendered":"<p><!--10\" Dyno-Cool Electric Fan 16910--><br \/>\n<a class=\"button\" style=\"padding: 10px 20px; background: #0073aa; color: #fff; text-decoration: none; border-radius: 5px;\" href=\"https:\/\/usmotorworks.acuweb.dev\/wp-content\/uploads\/2025\/06\/16910.pdf\" target=\"_blank\" rel=\"noopener\">Instrucciones de descarga<\/a><\/p>","protected":false},"featured_media":41219,"comment_status":"open","ping_status":"closed","template":"","meta":{"_acf_changed":false,"om_disable_all_campaigns":false,"_monsterinsights_skip_tracking":false,"_monsterinsights_sitenote_active":false,"_monsterinsights_sitenote_note":"","_monsterinsights_sitenote_category":0},"product_brand":[],"product_cat":[699],"product_tag":[],"class_list":{"0":"post-41218","1":"product","2":"type-product","3":"status-publish","4":"has-post-thumbnail","6":"product_cat-dyno-cool","8":"first","9":"instock","10":"taxable","11":"shipping-taxable","12":"product-type-simple"},"acf":[],"aioseo_notices":[],"_links":{"self":[{"href":"https:\/\/www.usmotorworks.com\/mx\/wp-json\/wp\/v2\/product\/41218","targetHints":{"allow":["GET"]}}],"collection":[{"href":"https:\/\/www.usmotorworks.com\/mx\/wp-json\/wp\/v2\/product"}],"about":[{"href":"https:\/\/www.usmotorworks.com\/mx\/wp-json\/wp\/v2\/types\/product"}],"replies":[{"embeddable":true,"href":"https:\/\/www.usmotorworks.com\/mx\/wp-json\/wp\/v2\/comments?post=41218"}],"wp:featuredmedia":[{"embeddable":true,"href":"https:\/\/www.usmotorworks.com\/mx\/wp-json\/wp\/v2\/media\/41219"}],"wp:attachment":[{"href":"https:\/\/www.usmotorworks.com\/mx\/wp-json\/wp\/v2\/media?parent=41218"}],"wp:term":[{"taxonomy":"product_brand","embeddable":true,"href":"https:\/\/www.usmotorworks.com\/mx\/wp-json\/wp\/v2\/product_brand?post=41218"},{"taxonomy":"product_cat","embeddable":true,"href":"https:\/\/www.usmotorworks.com\/mx\/wp-json\/wp\/v2\/product_cat?post=41218"},{"taxonomy":"product_tag","embeddable":true,"href":"https:\/\/www.usmotorworks.com\/mx\/wp-json\/wp\/v2\/product_tag?post=41218"}],"curies":[{"name":"wp","href":"https:\/\/api.w.org\/{rel}","templated":true}]}}