{"id":41127,"date":"2025-02-28T22:59:37","date_gmt":"2025-02-28T19:59:37","guid":{"rendered":"https:\/\/usmotorworks.acuweb.dev\/?post_type=product&#038;p=41127"},"modified":"2025-06-18T19:44:45","modified_gmt":"2025-06-18T16:44:45","slug":"10-tornado-electric-puller-fan-standard-mounting-kit-1","status":"publish","type":"product","link":"https:\/\/www.usmotorworks.com\/mx\/producto\/10-tornado-electric-puller-fan-standard-mounting-kit-1\/","title":{"rendered":"10&#8243; Tornado Electric Puller Fan, Standard Mounting Kit"},"content":{"rendered":"<p>Uno de nuestros modelos m\u00e1s populares, este ventilador Tornado reversible de 10\u2033 utiliza 6 aspas inclinadas, generando 650 CFM a 0 presi\u00f3n est\u00e1tica y consumiendo solo 5.3 amperios. Incluye kit de montaje e instrucciones de instalaci\u00f3n ilustradas.<\/p>\n<p class=\"uk-h3\">Presupuesto<\/p>\n<ul>\n<li>Tama\u00f1o del ventilador: 10\u2033<\/li>\n<li>CFM: 650<\/li>\n<li>Consumo de amperios: 5,3<\/li>\n<li>Ancho: 11-7\/16\u2033<\/li>\n<li>Altura: 10-7\/8\u2033<\/li>\n<li>Profundidad: 1-5\/16\u2033<\/li>\n<li>Profundidad total: 2,5\u2033<\/li>\n<li>Montaje: 9-7\/8\u2033 x 6-7\/8\u2033<\/li>\n<li>Flujo de aire: Extractor (reversible)<\/li>\n<\/ul>\n<p class=\"uk-h3\">Caracter\u00edsticas<\/p>\n<ul>\n<li>motores<\/li>\n<li>Dise\u00f1o de cuchilla inclinada patentado y ultra silencioso<\/li>\n<li>650 CFM<\/li>\n<li>Dise\u00f1o reversible: se puede utilizar como empujador o tirador.<\/li>\n<li>Incluye kit de montaje de nailon.<\/li>\n<\/ul>","protected":false},"excerpt":{"rendered":"<p><!--10\" Tornado Electric Fan, Standard Kit 16620 16510--><br \/>\n<a class=\"button\" style=\"padding: 10px 20px; background: #0073aa; color: #fff; text-decoration: none; border-radius: 5px;\" href=\"https:\/\/usmotorworks.acuweb.dev\/wp-content\/uploads\/2025\/06\/16620.pdf\" target=\"_blank\" rel=\"noopener\">Instrucciones de descarga<\/a><\/p>","protected":false},"featured_media":41128,"comment_status":"open","ping_status":"closed","template":"","meta":{"_acf_changed":false,"om_disable_all_campaigns":false,"_monsterinsights_skip_tracking":false,"_monsterinsights_sitenote_active":false,"_monsterinsights_sitenote_note":"","_monsterinsights_sitenote_category":0},"product_brand":[],"product_cat":[698],"product_tag":[],"class_list":{"0":"post-41127","1":"product","2":"type-product","3":"status-publish","4":"has-post-thumbnail","6":"product_cat-tornado","8":"first","9":"instock","10":"taxable","11":"shipping-taxable","12":"product-type-simple"},"acf":[],"aioseo_notices":[],"_links":{"self":[{"href":"https:\/\/www.usmotorworks.com\/mx\/wp-json\/wp\/v2\/product\/41127","targetHints":{"allow":["GET"]}}],"collection":[{"href":"https:\/\/www.usmotorworks.com\/mx\/wp-json\/wp\/v2\/product"}],"about":[{"href":"https:\/\/www.usmotorworks.com\/mx\/wp-json\/wp\/v2\/types\/product"}],"replies":[{"embeddable":true,"href":"https:\/\/www.usmotorworks.com\/mx\/wp-json\/wp\/v2\/comments?post=41127"}],"wp:featuredmedia":[{"embeddable":true,"href":"https:\/\/www.usmotorworks.com\/mx\/wp-json\/wp\/v2\/media\/41128"}],"wp:attachment":[{"href":"https:\/\/www.usmotorworks.com\/mx\/wp-json\/wp\/v2\/media?parent=41127"}],"wp:term":[{"taxonomy":"product_brand","embeddable":true,"href":"https:\/\/www.usmotorworks.com\/mx\/wp-json\/wp\/v2\/product_brand?post=41127"},{"taxonomy":"product_cat","embeddable":true,"href":"https:\/\/www.usmotorworks.com\/mx\/wp-json\/wp\/v2\/product_cat?post=41127"},{"taxonomy":"product_tag","embeddable":true,"href":"https:\/\/www.usmotorworks.com\/mx\/wp-json\/wp\/v2\/product_tag?post=41127"}],"curies":[{"name":"wp","href":"https:\/\/api.w.org\/{rel}","templated":true}]}}