{"id":41048,"date":"2025-02-28T22:59:05","date_gmt":"2025-02-28T19:59:05","guid":{"rendered":"https:\/\/usmotorworks.acuweb.dev\/?post_type=product&#038;p=41048"},"modified":"2025-06-18T21:31:24","modified_gmt":"2025-06-18T18:31:24","slug":"16105","status":"publish","type":"product","link":"https:\/\/www.usmotorworks.com\/mx\/producto\/16105\/","title":{"rendered":"Ventilador el\u00e9ctrico extractor IP68 de 5\" con aspas de paleta de alto rendimiento"},"content":{"rendered":"<p>This 5&#8243; diameter\u00a0fan uses a sealed IP68 certified waterproof &amp; dustproof motor with 5 large, paddle style blades and due to its size a very versatile little puller fan.\u00a0\u00a0Though not reversible, it is popular in multi-industrial applications, from atv&#8217;s to computers to audio equipment. Includes mounting kit and illustrated installation instructions.<\/p>\n<p class=\"uk-h3\">Presupuesto<\/p>\n<ul>\n<li>Fan size: 5&#8243;<\/li>\n<li>CFM: 315<\/li>\n<li>Amp draw: 3.6<\/li>\n<li>Width: 5-5\/8&#8243;<\/li>\n<li>Height: 6-1\/4&#8243;<\/li>\n<li>Depth: 1-1\/4&#8243;<\/li>\n<li>Overall depth: 2-1\/4&#8243;<\/li>\n<li>Mounting: Three hole mount<br \/>\nBottom Hole to Hole Bottom: 4-3\/8&#8243;<br \/>\nLeft Bottom Hole to Top Hole: 5-3\/8&#8243;<br \/>\nRight Bottom Hole to Top Hole: 6-1\/8&#8243;<\/li>\n<li>Airflow: Puller (not reversible)<\/li>\n<\/ul>\n<p class=\"uk-h3\">Caracter\u00edsticas<\/p>\n<ul>\n<li>Reliable, long lasting high torque motor lasts up to 3x longer than regular electric fan motors<\/li>\n<li>5 wide paddle blades pull large volumes of air for maximum heat extraction.<\/li>\n<li>Dise\u00f1ado para un m\u00e1ximo rendimiento con cargas de alta presi\u00f3n est\u00e1tica para una refrigeraci\u00f3n m\u00e1s eficaz.<\/li>\n<li>Long lasting sealed waterproof, dustproof IP-68 certified motor<\/li>\n<li>315 CFM<\/li>\n<li>Incluye kit de montaje e instrucciones de instalaci\u00f3n ilustradas.<\/li>\n<li>Solo extractor (lado del motor)<\/li>\n<\/ul>","protected":false},"excerpt":{"rendered":"<p><!--5\" High Output Paddle Blade IP68 Electric Puller Fan 16105--><br \/>\n<a class=\"button\" style=\"padding: 10px 20px; background: #0073aa; color: #fff; text-decoration: none; border-radius: 5px;\" href=\"https:\/\/usmotorworks.acuweb.dev\/wp-content\/uploads\/2025\/06\/16105.pdf\" target=\"_blank\" rel=\"noopener\">Instrucciones de descarga<\/a><\/p>","protected":false},"featured_media":41049,"comment_status":"open","ping_status":"closed","template":"","meta":{"_acf_changed":false,"om_disable_all_campaigns":false,"_monsterinsights_skip_tracking":false,"_monsterinsights_sitenote_active":false,"_monsterinsights_sitenote_note":"","_monsterinsights_sitenote_category":0},"product_brand":[],"product_cat":[785],"product_tag":[],"class_list":{"0":"post-41048","1":"product","2":"type-product","3":"status-publish","4":"has-post-thumbnail","6":"product_cat-h-o-extreme","8":"first","9":"instock","10":"taxable","11":"shipping-taxable","12":"product-type-simple"},"acf":[],"aioseo_notices":[],"_links":{"self":[{"href":"https:\/\/www.usmotorworks.com\/mx\/wp-json\/wp\/v2\/product\/41048","targetHints":{"allow":["GET"]}}],"collection":[{"href":"https:\/\/www.usmotorworks.com\/mx\/wp-json\/wp\/v2\/product"}],"about":[{"href":"https:\/\/www.usmotorworks.com\/mx\/wp-json\/wp\/v2\/types\/product"}],"replies":[{"embeddable":true,"href":"https:\/\/www.usmotorworks.com\/mx\/wp-json\/wp\/v2\/comments?post=41048"}],"wp:featuredmedia":[{"embeddable":true,"href":"https:\/\/www.usmotorworks.com\/mx\/wp-json\/wp\/v2\/media\/41049"}],"wp:attachment":[{"href":"https:\/\/www.usmotorworks.com\/mx\/wp-json\/wp\/v2\/media?parent=41048"}],"wp:term":[{"taxonomy":"product_brand","embeddable":true,"href":"https:\/\/www.usmotorworks.com\/mx\/wp-json\/wp\/v2\/product_brand?post=41048"},{"taxonomy":"product_cat","embeddable":true,"href":"https:\/\/www.usmotorworks.com\/mx\/wp-json\/wp\/v2\/product_cat?post=41048"},{"taxonomy":"product_tag","embeddable":true,"href":"https:\/\/www.usmotorworks.com\/mx\/wp-json\/wp\/v2\/product_tag?post=41048"}],"curies":[{"name":"wp","href":"https:\/\/api.w.org\/{rel}","templated":true}]}}