{"id":40889,"date":"2025-02-28T22:58:04","date_gmt":"2025-02-28T19:58:04","guid":{"rendered":"https:\/\/usmotorworks.acuweb.dev\/?post_type=product&#038;p=40889"},"modified":"2025-06-18T22:45:23","modified_gmt":"2025-06-18T19:45:23","slug":"18738","status":"publish","type":"product","link":"https:\/\/www.usmotorworks.com\/mx\/producto\/18738\/","title":{"rendered":"Controlador de ventilador est\u00e1ndar de una etapa de 180 \u00b0F con sonda de inserci\u00f3n, 15 A"},"content":{"rendered":"<p>Este kit de control de ventilador el\u00e9ctrico con temperatura de 82 \u00b0C (encendido\/apagado) est\u00e1 dise\u00f1ado para activar un ventilador con un consumo m\u00e1ximo de 15 amperios. Incluye una sonda de inserci\u00f3n para aletas de radiador, cables y conectores el\u00e9ctricos para una f\u00e1cil instalaci\u00f3n.<\/p>\n<p class=\"uk-h3\">Caracter\u00edsticas<\/p>\n<ul>\n<li>Temperatura de encendido preestablecida de 180 \u00b0F<\/li>\n<li>La temperatura de apagado est\u00e1 preestablecida a 165 \u00b0F.<\/li>\n<li>Introduzca la sonda del radiador<\/li>\n<li>Clasificado para un consumo continuo m\u00e1ximo de 15 amperios<br \/>\n<hr \/>\n<p style=\"text-align: center;\">\u00a0 Temperature Sensor Tech Tips<\/p>\n<p><iframe loading=\"lazy\" src=\"http:\/\/www.youtube.com\/embed\/ns4zG_KB0oc\" width=\"601\" height=\"337\" frameborder=\"0\"><\/iframe><\/li>\n<\/ul>\n<p class=\"uk-h3\">","protected":false},"excerpt":{"rendered":"<p><!--Single Stage 180\u00b0F Fan Controller, Push-in probe 18738--><br \/>\n<a class=\"button\" style=\"padding: 10px 20px; background: #0073aa; color: #fff; text-decoration: none; border-radius: 5px;\" href=\"https:\/\/usmotorworks.acuweb.dev\/wp-content\/uploads\/2025\/06\/18738.pdf\" target=\"_blank\" rel=\"noopener\">Instrucciones de descarga<\/a><\/p>","protected":false},"featured_media":40890,"comment_status":"open","ping_status":"closed","template":"","meta":{"_acf_changed":false,"om_disable_all_campaigns":false,"_monsterinsights_skip_tracking":false,"_monsterinsights_sitenote_active":false,"_monsterinsights_sitenote_note":"","_monsterinsights_sitenote_category":0},"product_brand":[],"product_cat":[669],"product_tag":[],"class_list":{"0":"post-40889","1":"product","2":"type-product","3":"status-publish","4":"has-post-thumbnail","6":"product_cat-single-stage","8":"first","9":"instock","10":"taxable","11":"shipping-taxable","12":"product-type-simple"},"acf":[],"aioseo_notices":[],"_links":{"self":[{"href":"https:\/\/www.usmotorworks.com\/mx\/wp-json\/wp\/v2\/product\/40889","targetHints":{"allow":["GET"]}}],"collection":[{"href":"https:\/\/www.usmotorworks.com\/mx\/wp-json\/wp\/v2\/product"}],"about":[{"href":"https:\/\/www.usmotorworks.com\/mx\/wp-json\/wp\/v2\/types\/product"}],"replies":[{"embeddable":true,"href":"https:\/\/www.usmotorworks.com\/mx\/wp-json\/wp\/v2\/comments?post=40889"}],"wp:featuredmedia":[{"embeddable":true,"href":"https:\/\/www.usmotorworks.com\/mx\/wp-json\/wp\/v2\/media\/40890"}],"wp:attachment":[{"href":"https:\/\/www.usmotorworks.com\/mx\/wp-json\/wp\/v2\/media?parent=40889"}],"wp:term":[{"taxonomy":"product_brand","embeddable":true,"href":"https:\/\/www.usmotorworks.com\/mx\/wp-json\/wp\/v2\/product_brand?post=40889"},{"taxonomy":"product_cat","embeddable":true,"href":"https:\/\/www.usmotorworks.com\/mx\/wp-json\/wp\/v2\/product_cat?post=40889"},{"taxonomy":"product_tag","embeddable":true,"href":"https:\/\/www.usmotorworks.com\/mx\/wp-json\/wp\/v2\/product_tag?post=40889"}],"curies":[{"name":"wp","href":"https:\/\/api.w.org\/{rel}","templated":true}]}}