{"id":40850,"date":"2025-02-28T22:57:50","date_gmt":"2025-02-28T19:57:50","guid":{"rendered":"https:\/\/usmotorworks.acuweb.dev\/?post_type=product&#038;p=40850"},"modified":"2025-07-18T17:46:07","modified_gmt":"2025-07-18T14:46:07","slug":"6-compact-thermal-fan-clutch","status":"publish","type":"product","link":"https:\/\/www.usmotorworks.com\/mx\/producto\/6-compact-thermal-fan-clutch\/","title":{"rendered":"Kit de ventilador el\u00e9ctrico de alto rendimiento para Jeep Wrangler TJ\/YJ 1986-2006, de 19-1\/2\u201d x 18\u201d x 3-5\/8\u201d"},"content":{"rendered":"<p>Este conjunto de ventilador de refrigeraci\u00f3n el\u00e9ctrico de ajuste directo es igual a todos nuestros productos: el kit viene completo de f\u00e1brica sin necesidad de gastar m\u00e1s en necesidades como soportes de dep\u00f3sito de direcci\u00f3n asistida o soportes de tanque de recuperaci\u00f3n de refrigerante. Todo lo que PODR\u00cdA necesitar est\u00e1 incluido, excepto, por supuesto, las herramientas. Deje su taladro en su caja de herramientas, no lo necesitar\u00e1 aqu\u00ed. Tomamos un ventilador el\u00e9ctrico de aspa inclinada de 16\u2033 de alto rendimiento controlado termost\u00e1ticamente motivado por un motor a prueba de agua\/polvo con certificaci\u00f3n IP68 de 265 vatios y una cubierta de aluminio resistente cortada con l\u00e1ser, junto con todos los soportes, accesorios, arn\u00e9s de rel\u00e9 y hardware de montaje necesarios para crear el mejor ventilador el\u00e9ctrico de ajuste directo del mercado. Se adapta a TODOS los Jeep Wrangler YJ y TJ de 4 y 6 cilindros.<\/p>\n<p class=\"uk-h3\">Presupuesto<\/p>\n<ul>\n<li>Tama\u00f1o del ventilador: 16\u2033<\/li>\n<li>CFM: 2400<\/li>\n<li>Consumo de amperios: 25,4<\/li>\n<li>Ancho: 19-1\/2\u2033<\/li>\n<li>Altura: 18\u2033<\/li>\n<li>Profundidad: 1 5\/8\u2033<\/li>\n<li>Profundidad total: 3-5\/8\u2033<\/li>\n<li>Montaje: 10\u2033 x 22-5\/8\u2033<\/li>\n<li>Flujo de aire: Extractor<\/li>\n<\/ul>\n<p class=\"uk-h3\">Caracter\u00edsticas<\/p>\n<ul>\n<li>Reemplaza el embrague del ventilador, la cubierta del ventilador y los nuevos soportes de la cubierta en las ubicaciones de f\u00e1brica<\/li>\n<li>El kit completo incluye todo lo que necesita para una instalaci\u00f3n que pueda hacer usted mismo.<\/li>\n<li>Se incluyen soportes para reinstalar el dep\u00f3sito del radiador (se utilizan en algunas aplicaciones de 4 y 6 cilindros)<\/li>\n<li>cubierta de aluminio<\/li>\n<li>Control termost\u00e1tico incluido<\/li>\n<li>Circuito de anulaci\u00f3n de A\/C incluido<\/li>\n<li>Incluye disyuntor de reinicio autom\u00e1tico<\/li>\n<li>Instrucciones paso a paso f\u00e1ciles de seguir<\/li>\n<\/ul>\n<p>&nbsp;<\/p>","protected":false},"excerpt":{"rendered":"<p><!--Electric Fan Kit, Fits 1986-2006 Jeep Wrangler TJ\/YJ 20161--><br \/>\n<a class=\"button\" style=\"padding: 10px 20px; background: #0073aa; color: #fff; text-decoration: none; border-radius: 5px;\" href=\"https:\/\/usmotorworks.acuweb.dev\/wp-content\/uploads\/2025\/06\/20161.pdf\" target=\"_blank\" rel=\"noopener\">Instrucciones de descarga<\/a><\/p>","protected":false},"featured_media":40851,"comment_status":"open","ping_status":"closed","template":"","meta":{"_acf_changed":false,"om_disable_all_campaigns":false,"_monsterinsights_skip_tracking":false,"_monsterinsights_sitenote_active":false,"_monsterinsights_sitenote_note":"","_monsterinsights_sitenote_category":0},"product_brand":[],"product_cat":[850,828],"product_tag":[],"class_list":{"0":"post-40850","1":"product","2":"type-product","3":"status-publish","4":"has-post-thumbnail","6":"product_cat-direct-fit-electric-fans","7":"product_cat-shrouded-powerpacks","9":"first","10":"instock","11":"taxable","12":"shipping-taxable","13":"product-type-simple"},"acf":[],"aioseo_notices":[],"_links":{"self":[{"href":"https:\/\/www.usmotorworks.com\/mx\/wp-json\/wp\/v2\/product\/40850","targetHints":{"allow":["GET"]}}],"collection":[{"href":"https:\/\/www.usmotorworks.com\/mx\/wp-json\/wp\/v2\/product"}],"about":[{"href":"https:\/\/www.usmotorworks.com\/mx\/wp-json\/wp\/v2\/types\/product"}],"replies":[{"embeddable":true,"href":"https:\/\/www.usmotorworks.com\/mx\/wp-json\/wp\/v2\/comments?post=40850"}],"wp:featuredmedia":[{"embeddable":true,"href":"https:\/\/www.usmotorworks.com\/mx\/wp-json\/wp\/v2\/media\/40851"}],"wp:attachment":[{"href":"https:\/\/www.usmotorworks.com\/mx\/wp-json\/wp\/v2\/media?parent=40850"}],"wp:term":[{"taxonomy":"product_brand","embeddable":true,"href":"https:\/\/www.usmotorworks.com\/mx\/wp-json\/wp\/v2\/product_brand?post=40850"},{"taxonomy":"product_cat","embeddable":true,"href":"https:\/\/www.usmotorworks.com\/mx\/wp-json\/wp\/v2\/product_cat?post=40850"},{"taxonomy":"product_tag","embeddable":true,"href":"https:\/\/www.usmotorworks.com\/mx\/wp-json\/wp\/v2\/product_tag?post=40850"}],"curies":[{"name":"wp","href":"https:\/\/api.w.org\/{rel}","templated":true}]}}