{"id":39347,"date":"2025-02-28T22:48:24","date_gmt":"2025-02-28T19:48:24","guid":{"rendered":"https:\/\/usmotorworks.acuweb.dev\/?post_type=product&#038;p=39347"},"modified":"2025-06-23T22:45:26","modified_gmt":"2025-06-23T19:45:26","slug":"16316","status":"publish","type":"product","link":"https:\/\/www.usmotorworks.com\/mx\/producto\/16316\/","title":{"rendered":"16&#8243; Dyno-Cool Electric Fan and Mechanical Fan Controller Kit, Premium"},"content":{"rendered":"<p>A great auxiliary fan or primary cooling fan for small to intermediate cars and trucks, this 16&#8243; straight blade electric fan produces 1550 CFM at 0 static pressure, drawing only 15.5 amps. Includes fan, mounting kit and mechanical fan controller with adjustable turn on temp between 32\u00b0F-240\u00b0F with turn off set at 10\u00b0F below turn on. Uses a capillary tube radiator hose probe design.<\/p>\n<p class=\"uk-h3\">Presupuesto<\/p>\n<ul>\n<li>Tama\u00f1o del ventilador: 16\u2033<\/li>\n<li>CFM: 1550<\/li>\n<li>Amp draw: 15.5<\/li>\n<li>Width: 16-7\/8&#8243;<\/li>\n<li>Height: 16-7\/8&#8243;<\/li>\n<li>Depth: 1-1\/4&#8243;<\/li>\n<li>Overall depth: 3-7\/8&#8243;<\/li>\n<li>Mounting: 8-1\/8&#8243;<\/li>\n<li>Flujo de aire: Extractor (reversible)<\/li>\n<\/ul>\n<p class=\"uk-h3\">Caracter\u00edsticas<\/p>\n<ul>\n<li>Dise\u00f1o de perfil ultrabajo<\/li>\n<li>Aspas de ventilador rectas<\/li>\n<li>1550 CFM<\/li>\n<li>Dise\u00f1o reversible: se puede utilizar como empujador o tirador.<\/li>\n<li>El kit completo de control del ventilador incluye un termostato de 180\u00b0 con una sonda de camisa de agua roscada y una sonda de radiador a presi\u00f3n, un arn\u00e9s de cables de rel\u00e9, todo el hardware de montaje y las conexiones de cables.<\/li>\n<\/ul>","protected":false},"excerpt":{"rendered":"<p><!--16\" Dyno-Cool Electric Fan &amp; Fan Controller Kit 16316--><br \/>\n<a class=\"button\" style=\"padding: 10px 20px; background: #0073aa; color: #fff; text-decoration: none; border-radius: 5px;\" href=\"https:\/\/usmotorworks.acuweb.dev\/wp-content\/uploads\/2025\/06\/16316.pdf\" target=\"_blank\" rel=\"noopener\">Instrucciones de descarga<\/a><\/p>","protected":false},"featured_media":39348,"comment_status":"open","ping_status":"closed","template":"","meta":{"_acf_changed":false,"om_disable_all_campaigns":false,"_monsterinsights_skip_tracking":false,"_monsterinsights_sitenote_active":false,"_monsterinsights_sitenote_note":"","_monsterinsights_sitenote_category":0},"product_brand":[],"product_cat":[699],"product_tag":[],"class_list":{"0":"post-39347","1":"product","2":"type-product","3":"status-publish","4":"has-post-thumbnail","6":"product_cat-dyno-cool","8":"first","9":"instock","10":"taxable","11":"shipping-taxable","12":"product-type-simple"},"acf":[],"aioseo_notices":[],"_links":{"self":[{"href":"https:\/\/www.usmotorworks.com\/mx\/wp-json\/wp\/v2\/product\/39347","targetHints":{"allow":["GET"]}}],"collection":[{"href":"https:\/\/www.usmotorworks.com\/mx\/wp-json\/wp\/v2\/product"}],"about":[{"href":"https:\/\/www.usmotorworks.com\/mx\/wp-json\/wp\/v2\/types\/product"}],"replies":[{"embeddable":true,"href":"https:\/\/www.usmotorworks.com\/mx\/wp-json\/wp\/v2\/comments?post=39347"}],"wp:featuredmedia":[{"embeddable":true,"href":"https:\/\/www.usmotorworks.com\/mx\/wp-json\/wp\/v2\/media\/39348"}],"wp:attachment":[{"href":"https:\/\/www.usmotorworks.com\/mx\/wp-json\/wp\/v2\/media?parent=39347"}],"wp:term":[{"taxonomy":"product_brand","embeddable":true,"href":"https:\/\/www.usmotorworks.com\/mx\/wp-json\/wp\/v2\/product_brand?post=39347"},{"taxonomy":"product_cat","embeddable":true,"href":"https:\/\/www.usmotorworks.com\/mx\/wp-json\/wp\/v2\/product_cat?post=39347"},{"taxonomy":"product_tag","embeddable":true,"href":"https:\/\/www.usmotorworks.com\/mx\/wp-json\/wp\/v2\/product_tag?post=39347"}],"curies":[{"name":"wp","href":"https:\/\/api.w.org\/{rel}","templated":true}]}}