{"id":39338,"date":"2025-02-28T22:48:21","date_gmt":"2025-02-28T19:48:21","guid":{"rendered":"https:\/\/usmotorworks.acuweb.dev\/?post_type=product&#038;p=39338"},"modified":"2025-06-23T23:33:55","modified_gmt":"2025-06-23T20:33:55","slug":"16310","status":"publish","type":"product","link":"https:\/\/www.usmotorworks.com\/mx\/producto\/16310\/","title":{"rendered":"Kit de controlador de ventilador el\u00e9ctrico y mec\u00e1nico Dyno-Cool de 10\u2033, premium"},"content":{"rendered":"<p>Nuestro ventilador el\u00e9ctrico de aspas rectas de 10\u2033 mueve 500 CFM a 0 de presi\u00f3n est\u00e1tica, consumiendo solo 6.4 amperios. El kit incluye ventilador, kit de montaje y controlador mec\u00e1nico con temperatura de encendido ajustable entre 0 \u00b0C y 110 \u00b0C, con apagado a 10 \u00b0C por debajo de la temperatura de encendido. Utiliza un dise\u00f1o de sonda de manguera de radiador con tubo capilar.<\/p>\n<p class=\"uk-h3\">Presupuesto<\/p>\n<ul>\n<li>Tama\u00f1o del ventilador: 10\u2033<\/li>\n<li>CFM: 500<\/li>\n<li>Consumo de amperios: 6,4<\/li>\n<li>Ancho: 11\u2033<\/li>\n<li>Altura: 11-1\/4\u2033<\/li>\n<li>Profundidad: 1-1\/8\u2033<\/li>\n<li>Profundidad total: 2-3\/8\u2033<\/li>\n<li>Montaje: 5-3\/4\u2033<\/li>\n<li>Flujo de aire: Extractor (reversible)<\/li>\n<\/ul>\n<p class=\"uk-h3\">Caracter\u00edsticas<\/p>\n<ul>\n<li>Dise\u00f1o de perfil ultrabajo<\/li>\n<li>Aspas de ventilador rectas<\/li>\n<li>500 CFM<\/li>\n<li>Dise\u00f1o reversible: se puede utilizar como empujador o tirador.<\/li>\n<li>El kit completo de control del ventilador incluye un termostato de 180\u00b0 con una sonda de camisa de agua roscada y una sonda de radiador a presi\u00f3n, un arn\u00e9s de cables de rel\u00e9, todo el hardware de montaje y las conexiones de cables.<\/li>\n<\/ul>","protected":false},"excerpt":{"rendered":"<p><!--10\" Dyno-Cool Electric Fan &amp; Fan Controller Kit 16310--><br \/>\n<a class=\"button\" style=\"padding: 10px 20px; background: #0073aa; color: #fff; text-decoration: none; border-radius: 5px;\" href=\"https:\/\/usmotorworks.acuweb.dev\/wp-content\/uploads\/2025\/06\/16310.pdf target=\">Instrucciones de descarga<\/a><\/p>","protected":false},"featured_media":39339,"comment_status":"open","ping_status":"closed","template":"","meta":{"_acf_changed":false,"om_disable_all_campaigns":false,"_monsterinsights_skip_tracking":false,"_monsterinsights_sitenote_active":false,"_monsterinsights_sitenote_note":"","_monsterinsights_sitenote_category":0},"product_brand":[],"product_cat":[699],"product_tag":[],"class_list":{"0":"post-39338","1":"product","2":"type-product","3":"status-publish","4":"has-post-thumbnail","6":"product_cat-dyno-cool","8":"first","9":"instock","10":"taxable","11":"shipping-taxable","12":"product-type-simple"},"acf":[],"aioseo_notices":[],"_links":{"self":[{"href":"https:\/\/www.usmotorworks.com\/mx\/wp-json\/wp\/v2\/product\/39338","targetHints":{"allow":["GET"]}}],"collection":[{"href":"https:\/\/www.usmotorworks.com\/mx\/wp-json\/wp\/v2\/product"}],"about":[{"href":"https:\/\/www.usmotorworks.com\/mx\/wp-json\/wp\/v2\/types\/product"}],"replies":[{"embeddable":true,"href":"https:\/\/www.usmotorworks.com\/mx\/wp-json\/wp\/v2\/comments?post=39338"}],"wp:featuredmedia":[{"embeddable":true,"href":"https:\/\/www.usmotorworks.com\/mx\/wp-json\/wp\/v2\/media\/39339"}],"wp:attachment":[{"href":"https:\/\/www.usmotorworks.com\/mx\/wp-json\/wp\/v2\/media?parent=39338"}],"wp:term":[{"taxonomy":"product_brand","embeddable":true,"href":"https:\/\/www.usmotorworks.com\/mx\/wp-json\/wp\/v2\/product_brand?post=39338"},{"taxonomy":"product_cat","embeddable":true,"href":"https:\/\/www.usmotorworks.com\/mx\/wp-json\/wp\/v2\/product_cat?post=39338"},{"taxonomy":"product_tag","embeddable":true,"href":"https:\/\/www.usmotorworks.com\/mx\/wp-json\/wp\/v2\/product_tag?post=39338"}],"curies":[{"name":"wp","href":"https:\/\/api.w.org\/{rel}","templated":true}]}}