{"id":39224,"date":"2025-02-28T22:47:39","date_gmt":"2025-02-28T19:47:39","guid":{"rendered":"https:\/\/usmotorworks.acuweb.dev\/?post_type=product&#038;p=39224"},"modified":"2025-06-24T15:52:11","modified_gmt":"2025-06-24T12:52:11","slug":"16735","status":"publish","type":"product","link":"https:\/\/www.usmotorworks.com\/mx\/producto\/16735\/","title":{"rendered":"Controlador de ventilador de una etapa premium de 180 \u00b0F con doble sonda, 25 A"},"content":{"rendered":"<p>Este kit controlador de ventilador el\u00e9ctrico con control de 82 \u00b0C (encendido\/apagado) est\u00e1 dise\u00f1ado para activar hasta 2 ventiladores con un consumo m\u00e1ximo de 25 amperios. Incluye una sonda de aleta de radiador de inserci\u00f3n, un mazo de cables para rel\u00e9s y conectores el\u00e9ctricos para una f\u00e1cil instalaci\u00f3n. Incluye circuito de anulaci\u00f3n del aire acondicionado.<\/p>\n<p class='uk-h3'>Caracter\u00edsticas<\/p>\n<ul>\n<li>Temperatura de encendido preestablecida de 180 \u00b0F<\/li>\n<li>La temperatura de apagado est\u00e1 preestablecida a 165 \u00b0F.<\/li>\n<li>El kit universal incluye una sonda roscada NPT de 3\/8\u2033 y una sonda de radiador a presi\u00f3n<\/li>\n<li>Clasificado para un consumo continuo m\u00e1ximo de 25 amperios<\/li>\n<li>Incluye arn\u00e9s de rel\u00e9 de alta resistencia de 40\/60 amperios<\/li>\n<li>Circuito de anulaci\u00f3n de CA incluido\n<p style=\"text-align: center;\">\u00a0<\/p>\n<hr \/>\n<p style=\"text-align: center;\">\u00a0 Temperature Sensor Tech Tips<\/p>\n<p><iframe loading=\"lazy\" src=\"http:\/\/www.youtube.com\/embed\/ns4zG_KB0oc\" frameborder=\"0\" width=\"601\" height=\"337\"><\/iframe><\/p>\n<p style=\"text-align: center;\">\u00a0<\/p>\n<\/li>\n<\/ul>\n<p class='uk-h3'>","protected":false},"excerpt":{"rendered":"<p><!--Premium Single Stage 180\u00b0F Dual-Probe Fan Controller 16735--><br \/>\n<a class=\"button\" style=\"padding: 10px 20px; background: #0073aa; color: #fff; text-decoration: none; border-radius: 5px;\" href=\"https:\/\/usmotorworks.acuweb.dev\/wp-content\/uploads\/2025\/06\/16735.pdf\" target=\"_blank\" rel=\"noopener\">Instrucciones de descarga<\/a><\/p>","protected":false},"featured_media":39225,"comment_status":"open","ping_status":"closed","template":"","meta":{"_acf_changed":false,"om_disable_all_campaigns":false,"_monsterinsights_skip_tracking":false,"_monsterinsights_sitenote_active":false,"_monsterinsights_sitenote_note":"","_monsterinsights_sitenote_category":0},"product_brand":[],"product_cat":[669],"product_tag":[],"class_list":{"0":"post-39224","1":"product","2":"type-product","3":"status-publish","4":"has-post-thumbnail","6":"product_cat-single-stage","8":"first","9":"instock","10":"taxable","11":"shipping-taxable","12":"product-type-simple"},"acf":[],"aioseo_notices":[],"_links":{"self":[{"href":"https:\/\/www.usmotorworks.com\/mx\/wp-json\/wp\/v2\/product\/39224","targetHints":{"allow":["GET"]}}],"collection":[{"href":"https:\/\/www.usmotorworks.com\/mx\/wp-json\/wp\/v2\/product"}],"about":[{"href":"https:\/\/www.usmotorworks.com\/mx\/wp-json\/wp\/v2\/types\/product"}],"replies":[{"embeddable":true,"href":"https:\/\/www.usmotorworks.com\/mx\/wp-json\/wp\/v2\/comments?post=39224"}],"wp:featuredmedia":[{"embeddable":true,"href":"https:\/\/www.usmotorworks.com\/mx\/wp-json\/wp\/v2\/media\/39225"}],"wp:attachment":[{"href":"https:\/\/www.usmotorworks.com\/mx\/wp-json\/wp\/v2\/media?parent=39224"}],"wp:term":[{"taxonomy":"product_brand","embeddable":true,"href":"https:\/\/www.usmotorworks.com\/mx\/wp-json\/wp\/v2\/product_brand?post=39224"},{"taxonomy":"product_cat","embeddable":true,"href":"https:\/\/www.usmotorworks.com\/mx\/wp-json\/wp\/v2\/product_cat?post=39224"},{"taxonomy":"product_tag","embeddable":true,"href":"https:\/\/www.usmotorworks.com\/mx\/wp-json\/wp\/v2\/product_tag?post=39224"}],"curies":[{"name":"wp","href":"https:\/\/api.w.org\/{rel}","templated":true}]}}