{"id":39213,"date":"2025-02-28T22:47:36","date_gmt":"2025-02-28T19:47:36","guid":{"rendered":"https:\/\/usmotorworks.acuweb.dev\/?post_type=product&#038;p=39213"},"modified":"2025-06-24T15:56:31","modified_gmt":"2025-06-24T12:56:31","slug":"2-pass-9-dyno-cool-series-6000-aluminum-power-steering-kit","status":"publish","type":"product","link":"https:\/\/www.usmotorworks.com\/mx\/producto\/2-pass-9-dyno-cool-series-6000-aluminum-power-steering-kit\/","title":{"rendered":"Kit de rel\u00e9 de interruptor de ventilador de 190 \u00b0F"},"content":{"rendered":"<p>Este kit de control de ventilador el\u00e9ctrico de 88 \u00b0C (encendido\/apagado) incluye un interruptor roscado NPT de 3,8 mm (1\/8\u2033), un casquillo adaptador NPT de 3,8 mm (1\/8\u2033 x 9,5 mm) y un mazo de cables para rel\u00e9s que facilita su instalaci\u00f3n. La capacidad m\u00e1xima de este kit es de 25 amperios.<\/p>\n<p class=\"uk-h3\">Caracter\u00edsticas<\/p>\n<ul>\n<li>Termostato de control de ventilador de una sola etapa con temperatura de encendido de 190 \u00b0F<\/li>\n<li>La temperatura de apagado est\u00e1 preestablecida a 175 \u00b0F.<\/li>\n<li>Se adapta a un puerto NPT de 3\/8\u2033 o NPT de 1\/8\u2033<\/li>\n<li>Buje NPT de 3\/8\u2033 x NPT de 1\/8\u2033 incluido<\/li>\n<li>Arn\u00e9s de cables de rel\u00e9 de 40\/60 amperios con anulaci\u00f3n de CA incluida<\/li>\n<\/ul>\n<p class=\"uk-h3\">","protected":false},"excerpt":{"rendered":"<p><!--190\u00b0F Fan Switch Controller Relay Kit, 1\/8\" &amp; 3\/8\" NPT 16721 16720--><br \/>\n<a class=\"button\" style=\"padding: 10px 20px; background: #0073aa; color: #fff; text-decoration: none; border-radius: 5px;\" href=\"https:\/\/usmotorworks.acuweb.dev\/wp-content\/uploads\/2025\/06\/16721.pdf\" target=\"_blank\" rel=\"noopener\">Instrucciones de descarga<\/a><\/p>","protected":false},"featured_media":39214,"comment_status":"open","ping_status":"closed","template":"","meta":{"_acf_changed":false,"om_disable_all_campaigns":false,"_monsterinsights_skip_tracking":false,"_monsterinsights_sitenote_active":false,"_monsterinsights_sitenote_note":"","_monsterinsights_sitenote_category":0},"product_brand":[],"product_cat":[669],"product_tag":[],"class_list":{"0":"post-39213","1":"product","2":"type-product","3":"status-publish","4":"has-post-thumbnail","6":"product_cat-single-stage","8":"first","9":"instock","10":"taxable","11":"shipping-taxable","12":"product-type-simple"},"acf":[],"aioseo_notices":[],"_links":{"self":[{"href":"https:\/\/www.usmotorworks.com\/mx\/wp-json\/wp\/v2\/product\/39213","targetHints":{"allow":["GET"]}}],"collection":[{"href":"https:\/\/www.usmotorworks.com\/mx\/wp-json\/wp\/v2\/product"}],"about":[{"href":"https:\/\/www.usmotorworks.com\/mx\/wp-json\/wp\/v2\/types\/product"}],"replies":[{"embeddable":true,"href":"https:\/\/www.usmotorworks.com\/mx\/wp-json\/wp\/v2\/comments?post=39213"}],"wp:featuredmedia":[{"embeddable":true,"href":"https:\/\/www.usmotorworks.com\/mx\/wp-json\/wp\/v2\/media\/39214"}],"wp:attachment":[{"href":"https:\/\/www.usmotorworks.com\/mx\/wp-json\/wp\/v2\/media?parent=39213"}],"wp:term":[{"taxonomy":"product_brand","embeddable":true,"href":"https:\/\/www.usmotorworks.com\/mx\/wp-json\/wp\/v2\/product_brand?post=39213"},{"taxonomy":"product_cat","embeddable":true,"href":"https:\/\/www.usmotorworks.com\/mx\/wp-json\/wp\/v2\/product_cat?post=39213"},{"taxonomy":"product_tag","embeddable":true,"href":"https:\/\/www.usmotorworks.com\/mx\/wp-json\/wp\/v2\/product_tag?post=39213"}],"curies":[{"name":"wp","href":"https:\/\/api.w.org\/{rel}","templated":true}]}}